{"id":2554,"date":"2015-12-07T17:12:27","date_gmt":"2015-12-07T16:12:27","guid":{"rendered":"https:\/\/www.strimgroup.com\/en\/?page_id=2554"},"modified":"2019-04-29T13:52:49","modified_gmt":"2019-04-29T11:52:49","slug":"galleries","status":"publish","type":"page","link":"https:\/\/www.strimgroup.com\/en\/galleries\/","title":{"rendered":"Galleries"},"content":{"rendered":"<p><strong>Berufsausbildung 4.0, Juni 2015, Hotel Schloss Edesheim<\/strong><\/p>\n<div class=\"fusion-fullwidth fullwidth-box fusion-builder-row-1 hundred-percent-fullwidth non-hundred-percent-height-scrolling\" style=\"--awb-border-radius-top-left:0px;--awb-border-radius-top-right:0px;--awb-border-radius-bottom-right:0px;--awb-border-radius-bottom-left:0px;--awb-overflow:visible;--awb-flex-wrap:wrap;\" ><div class=\"fusion-builder-row fusion-row\"><div class=\"fusion-layout-column fusion_builder_column fusion-builder-column-0 fusion_builder_column_1_1 1_1 fusion-one-full fusion-column-first fusion-column-last fusion-column-no-min-height\" style=\"--awb-bg-size:cover;--awb-margin-bottom:0px;\"><div class=\"fusion-column-wrapper fusion-flex-column-wrapper-legacy\"><div style=\"width:100%\"><div class=\"wd_error\"><p><strong>There is no gallery selected or the gallery was deleted.<\/strong><\/p><\/div><\/div>\n<p>Individualisierung entlang Lebenswelten, soziale Netzwerke und die DNA klug agierender Ausbildungsbetriebe waren wichtige Themen der Tagung.<br \/>\nIndividualization along lifestyles, social networks and DNA of savvy acting training companies were important topics of the conference.<\/p>\n<p><strong>Ansprache und Gewinnung talentierter Berufseinsteiger, Mai 2015, Sonnenberg Convention Center Z\u00fcrich<\/strong><\/p>\n<div style=\"width:100%\"><div class=\"wd_error\"><p><strong>There is no gallery selected or the gallery was deleted.<\/strong><\/p><\/div><\/div>\n<p>Buchpr\u00e4sentation und Vorstellung der Sch\u00fclerstudie 2015 f\u00fcr die Schweiz,<br \/>\nBook launch and presentation of the School Study 2015 for Switzerland<\/p>\n<p><strong>Business Breakfast &#8220;Creating a Winning Culture to Innovate&#8221;, Mai 2015, Au Premier Z\u00fcrich<\/strong><\/p>\n<div style=\"width:100%\"><div class=\"wd_error\"><p><strong>There is no gallery selected or the gallery was deleted.<\/strong><\/p><\/div><\/div>\n<p>Gemeinsam mit FranklinCovey begr\u00fcssten wir zahlreiche G\u00e4ste interessanter Unternehmen, wie z.B. &#8230;<br \/>\nTogether with FranklinCovey, we welcomed numerous guests of interesting companies, such as &#8230;<br \/>\nAxpo, Baloice, Hays, Helsana Versicherungen, Kaba, Oracle, Swiss Reinsurance, UBS.<\/p>\n<p><strong>Forum zur Gesch\u00e4ftsmodellierung in der Berufsausbildung, Juni 2014, Schlosshotel Edesheim<\/strong><\/p>\n<div style=\"width:100%\"><div class=\"wd_error\"><p><strong>There is no gallery selected or the gallery was deleted.<\/strong><\/p><\/div><\/div>\n<p>Grossunternehmen wie BASF, John Deere, Siemens und ThyssenKrupp sowie mittelst\u00e4ndische Unternehmen wie Benteler, Fraport, INTER und Schenck Process diskutieren disruptive Strategien in der Berufsausbildung.<br \/>\nLarge-scale enterprises and mid-sized businesses discuss disruptive strategies within dual vocational education and training.<\/p>\n<p><strong>Talent Sourcing Canvas, Mai 2014, Sonnenberg Convention Center Z\u00fcrich<\/strong><\/p>\n<div style=\"width:100%\"><div class=\"wd_error\"><p><strong>There is no gallery selected or the gallery was deleted.<\/strong><\/p><\/div><\/div>\n<p>Die Talent Sourcing Canvas zur Business Model Innovation in der Berufsbildung.<br \/>\nThe Talent Sourcing Canvas for Business Model Innovation in Vocational Education.<\/p>\n<p><strong>Vertriebsleitertagung, Februar 2014, Schlosshotel Edesheim<\/strong><\/p>\n<div style=\"width:100%\"><div class=\"wd_error\"><p><strong>There is no gallery selected or the gallery was deleted.<\/strong><\/p><\/div><\/div>\n<p>Workshop f\u00fcr Vertriebsleiter zum Thema Vertriebsstrategie und Vertriebssteuerung unter Einbindung von Business Analytics.<br \/>\nWorkshop for sales managers about sales strategy and sales management with the integration of Business Analytics.<\/p>\n<p><strong>Forum &#8220;Talent Management&#8221;, Juni 2013, Schlosshotel Edesheim<\/strong><\/p>\n<div style=\"width:100%\"><div class=\"wd_error\"><p><strong>There is no gallery selected or the gallery was deleted.<\/strong><\/p><\/div><\/div>\n<p>Benteler, Heidelberg Cement, John Deere, Lufthansa, W\u00fcrth, u.a. diskutieren \u00fcber \/ discuss about &#8220;Talent Analytics&#8221; &amp; &#8220;Social Media Monitoring&#8221;.<\/p>\n<p><strong>10. Business Schoolgames mit Fachtagung, Mai 2013, voestalpine Stahlwelt Linz<\/strong><\/p>\n<div style=\"width:100%\"><div class=\"wd_error\"><p><strong>There is no gallery selected or the gallery was deleted.<\/strong><\/p><\/div><\/div>\n<p>Forum der STRIM eingebettet in das Bundesfinale der Business Schoolgames 2013<br \/>\nSTRIM Symposium embedded into the National Final of the Business Schoolgames 2013<\/p>\n<p><strong>Forum &#8220;Branding &amp; Recruiting&#8221;, Mai 2013, Sonnenberg Convention Center Z\u00fcrich<\/strong><\/p>\n<div style=\"width:100%\"><div class=\"wd_error\"><p><strong>There is no gallery selected or the gallery was deleted.<\/strong><\/p><\/div><\/div>\n<p>Credit Suisse, DHL, Manor, &#8230; diskutieren zum Thema Talent Analytics \/ have a discussion on Talent Analytics &#8211; Focus: Lernende, Auszubildende, Apprentices.<\/p>\n<p><strong>CHRO Dialog Schweiz, Januar 2013, Vortrag von STRIM &amp; ORACLE<\/strong><\/p>\n<div style=\"width:100%\"><div class=\"wd_error\"><p><strong>There is no gallery selected or the gallery was deleted.<\/strong><\/p><\/div><\/div>\n<p>Vortrag im Hilton Hotel Z\u00fcrich zum Thema &#8220;Prognosef\u00e4higkeit in HR&#8221;.<br \/>\nPresentation at the Hilton Zurich Hotel on &#8220;predictive capabilities in HR&#8221;.<\/p>\n<p><strong>Vortragsreihe, Oktober 2012, in Heidelberg, Z\u00fcrich und Mannheim<\/strong><\/p>\n<div style=\"width:100%\"><div class=\"wd_error\"><p><strong>There is no gallery selected or the gallery was deleted.<\/strong><\/p><\/div><\/div>\n<p>Bilder der Vortragsreihe rund um \/ Pictures of the lecture series about: Employer Branding, Social Media, Berufsorientierung\/Career Orientation.<\/p>\n<p><strong>Tagungen der STRIMacademy in Z\u00fcrich (CH) und Edesheim (DE), Mai und Juni 2012<\/strong><\/p>\n<div style=\"width:100%\"><div class=\"wd_error\"><p><strong>There is no gallery selected or the gallery was deleted.<\/strong><\/p><\/div><\/div>\n<p>Fachtagungen zum Thema Active Sourcing mit Bezug auf die Berufsausbildung.<br \/>\nConferences about Active Sourcing referring to Apprenticeship.<\/p>\n<p><strong>Akademische Feierstunde der Lake Constance Business School, Mai 2012<\/strong><\/p>\n<div style=\"width:100%\"><div class=\"wd_error\"><p><strong>There is no gallery selected or the gallery was deleted.<\/strong><\/p><\/div><\/div>\n<p>Elf AbsolventInnen der Masterstudieng\u00e4nge erhielten ihre Abschlussurkunden.<br \/>\nEleven LCBS graduates received the certificates for their master\u00b4s degrees.<\/p>\n<p><strong>Berufsbildner-Tagung der Multicheck AG in Bern, November 2011<\/strong><\/p>\n<div style=\"width:100%\"><div class=\"wd_error\"><p><strong>There is no gallery selected or the gallery was deleted.<\/strong><\/p><\/div><\/div>\n<p>Tagung zur Revision der Multicheck Junior Eignungsanalysen.<br \/>\nMeeting to review the Multicheck Junior Suitability Analyses.<\/p>\n<p><strong>CEIBS (Shanghai) Connecting Conversations in Z\u00fcrich, September 2011<\/strong><\/p>\n<div style=\"width:100%\"><div class=\"wd_error\"><p><strong>There is no gallery selected or the gallery was deleted.<\/strong><\/p><\/div><\/div>\n<p>Erfahrungsaustausch von CEOs aus Asien und Europa.<br \/>\nExperience Exchange of CEOs from Asia and Europe.<\/p>\n<p><strong>Fachtagung der STRIMacademy in Edesheim, Juni 2010<\/strong><\/p>\n<div style=\"width:100%\"><div class=\"wd_error\"><p><strong>There is no gallery selected or the gallery was deleted.<\/strong><\/p><\/div><\/div>\n<p>Fachtagung zum Thema &#8220;Employer Branding- und Recruiting-Strategien&#8221;.<br \/>\nConference about &#8220;Employer Branding and Recruiting Strategies&#8221;.<div class=\"fusion-clearfix\"><\/div><\/div><\/div><\/div><\/div>\n","protected":false},"excerpt":{"rendered":"<p>Berufsausbildung 4.0, Juni 2015, Hotel Schloss Edesheim<\/p>\n","protected":false},"author":2,"featured_media":0,"parent":0,"menu_order":0,"comment_status":"closed","ping_status":"closed","template":"","meta":{"footnotes":""},"class_list":["post-2554","page","type-page","status-publish","hentry"],"aioseo_notices":[],"_links":{"self":[{"href":"https:\/\/www.strimgroup.com\/en\/wp-json\/wp\/v2\/pages\/2554","targetHints":{"allow":["GET"]}}],"collection":[{"href":"https:\/\/www.strimgroup.com\/en\/wp-json\/wp\/v2\/pages"}],"about":[{"href":"https:\/\/www.strimgroup.com\/en\/wp-json\/wp\/v2\/types\/page"}],"author":[{"embeddable":true,"href":"https:\/\/www.strimgroup.com\/en\/wp-json\/wp\/v2\/users\/2"}],"replies":[{"embeddable":true,"href":"https:\/\/www.strimgroup.com\/en\/wp-json\/wp\/v2\/comments?post=2554"}],"version-history":[{"count":3,"href":"https:\/\/www.strimgroup.com\/en\/wp-json\/wp\/v2\/pages\/2554\/revisions"}],"predecessor-version":[{"id":10193,"href":"https:\/\/www.strimgroup.com\/en\/wp-json\/wp\/v2\/pages\/2554\/revisions\/10193"}],"wp:attachment":[{"href":"https:\/\/www.strimgroup.com\/en\/wp-json\/wp\/v2\/media?parent=2554"}],"curies":[{"name":"wp","href":"https:\/\/api.w.org\/{rel}","templated":true}]}}